{"id":828,"date":"2024-09-21T17:17:01","date_gmt":"2024-09-21T20:17:01","guid":{"rendered":"https:\/\/educardigitalinova.net\/site\/?page_id=828"},"modified":"2024-09-21T17:17:01","modified_gmt":"2024-09-21T20:17:01","slug":"v-seminario-de-cultura-digital-inovacao-e-educacao","status":"publish","type":"page","link":"https:\/\/labinteligenciadigital.com.br\/digital\/v-seminario-de-cultura-digital-inovacao-e-educacao\/","title":{"rendered":"V Semin\u00e1rio de Cultura Digital, Inova\u00e7\u00e3o e Educa\u00e7\u00e3o"},"content":{"rendered":"\t\t<div data-elementor-type=\"wp-page\" data-elementor-id=\"828\" class=\"elementor elementor-828\">\n\t\t\t\t<div class=\"elementor-element elementor-element-8feadab e-flex e-con-boxed e-con e-parent\" data-id=\"8feadab\" data-element_type=\"container\" data-e-type=\"container\">\n\t\t\t\t\t<div class=\"e-con-inner\">\n\t\t\t\t<div class=\"elementor-element elementor-element-6e2dcb1f elementor-widget elementor-widget-text-editor\" data-id=\"6e2dcb1f\" data-element_type=\"widget\" data-e-type=\"widget\" data-widget_type=\"text-editor.default\">\n\t\t\t\t<div class=\"elementor-widget-container\">\n\t\t\t\t\t\t\t\t\t<p><img decoding=\"async\" style=\"aspect-ratio: 3.2; width: 1107px; height: auto;\" src=\"https:\/\/educardigitalinova.com.br\/digital\/wp-content\/uploads\/2024\/09\/2024-V-Seminario-Header-Teste-3-1024x320.png\" alt=\"\" \/><\/p>\n<p><!-- \/wp:image --><!-- wp:tadv\/classic-paragraph --><\/p>\n<h1 style=\"text-align: center;\"><span style=\"color: #333399;\"><strong>V Semin\u00e1rio de Cultura Digital, Inova\u00e7\u00e3o e Educa\u00e7\u00e3o\u00a0 \u00a0 \u00a0 \u00a0 \u00a0 \u00a0 \u00a0 \u00a0 \u00a0 \u00a0 \u00a0\u00a0<\/strong><\/span><\/h1>\n<p><!-- \/wp:tadv\/classic-paragraph --><!-- wp:tadv\/classic-paragraph --><\/p>\n<h3>\u00a0<\/h3>\n<h3 style=\"text-align: center;\"><span style=\"color: #ff0000;\"><strong>26, 27 e 28 de Novembro de 2024 &#8211; UNIGRANRIO\u00a0 \u00a0<br \/><\/strong><\/span><span style=\"color: #ff0000;\"><strong><span style=\"color: #333399;\">\u00a0 \u00a0<\/span> \u00a0<\/strong><\/span><\/h3>\n<h3 style=\"text-align: center;\"><span style=\"color: #0000ff;\"><strong>Evento H\u00edbrido Gratuito!<\/strong><\/span><\/h3>\n<h3 style=\"text-align: center;\"><span style=\"color: #0000ff;\"><strong>\u00a0<\/strong><\/span><\/h3>\n<h3 style=\"text-align: center;\"><span style=\"color: #0000ff;\"><strong>Site do Evento no Even 3\u00a0<\/strong><\/span><\/h3>\n<h3 style=\"text-align: center;\"><span style=\"color: #0000ff;\"><strong>Programa\u00e7\u00e3o e Trabalhos :<\/strong><\/span><\/h3>\n<div><span style=\"color: #0000ff;\"><strong>\u00a0<\/strong><\/span><\/div>\n<h3 style=\"text-align: center;\"><a href=\"https:\/\/www.even3.com.br\/v-seminario-de-cultura-digital-inovacao-e-educacao\/\">V Semin\u00e1rio de Cultura Digital, Inova\u00e7\u00e3o e Educa\u00e7\u00e3o<\/a><\/h3>\n<div>\u00a0<\/div>\n<div>\u00a0<\/div>\n<h3 style=\"text-align: center;\"><span style=\"color: #ffffff; font-weight: bold;\">X<\/span><\/h3>\n<h2 style=\"text-align: center;\"><span style=\"color: #ff0000;\"><strong>RESULTADOS DAS SUBMISS\u00d5ES: <a href=\"https:\/\/drive.google.com\/file\/d\/1U8BU3iqpu5eAxrU-qZiGjUSIc2jDDK5M\/view?usp=sharing\" target=\"_blank\" rel=\"noopener\">ACESSE AQUI<\/a><br \/><\/strong><\/span><\/h2>\n<h2 style=\"text-align: center;\"><span style=\"color: #ff0000;\"><strong>TEMPLATE PARA DOWNLOAD &#8211; <a href=\"https:\/\/docs.google.com\/presentation\/d\/1AmcON3KH3ZOrsk2EqIqKq5ELECPjv7gy\/edit?usp=drive_link&amp;ouid=117911326170312519978&amp;rtpof=true&amp;sd=true\" target=\"_blank\" rel=\"noopener\">ACESSE AQUI<\/a><\/strong><\/span><\/h2>\n<p>\u00a0<\/p>\n<h2 style=\"text-align: center;\"><span style=\"color: #993366;\"><strong>PRAZOS IMPORTANTES<\/strong><\/span><\/h2>\n<p><strong><span style=\"color: #000080;\">PRAZO PARA ENVIO DO V\u00cdDEO:<\/span> <span style=\"color: #ff0000;\">18 DE NOVEMBRO<\/span><\/strong><\/p>\n<h4><strong><span style=\"color: #000080;\">PRAZO PARA ENVIO DOS SLIDES NA MODALIDADE APRESENTA\u00c7\u00c3O ASS\u00cdNCRONA:<\/span> <span style=\"color: #ff0000;\">18 DE NOVEMBRO<\/span><\/strong><\/h4>\n<p>\u00a0<\/p>\n<h3 style=\"text-align: center;\"><span style=\"color: #ff0000;\">CHAMADA EXTRA &#8211; OPORTUNIDADE EXTRA<\/span><\/h3>\n<p>\u00a0<\/p>\n<p><span style=\"color: #800080;\"><strong>V\u00eddeo Apresenta\u00e7\u00e3o Ass\u00edncrona<\/strong><\/span> &#8211; <a href=\"https:\/\/forms.gle\/t3vMZNvk8xTBab7d8\" target=\"_blank\" rel=\"noopener\">Submeta aqui at\u00e9 o dia 16 de novembro<\/a><\/p>\n<p><span style=\"color: #800080;\"><strong>Apresenta\u00e7\u00e3o Interativa Ass\u00edncrona <\/strong><\/span>&#8211; <a href=\"https:\/\/forms.gle\/jGMrrCrKr6G8USDB6\" target=\"_blank\" rel=\"noopener\">Submeta aqui at\u00e9 o dia 16 de novembro<\/a><\/p>\n<p><span style=\"color: #ffffff;\">X<\/span><\/p>\n<p><span style=\"color: #ffffff;\">X<\/span><\/p>\n<p><!-- \/wp:tadv\/classic-paragraph --><!-- wp:tadv\/classic-paragraph --><\/p>\n<p><span style=\"color: #ffffff;\">x<\/span><span style=\"color: #333399;\"><strong>Tem\u00e1ticas para a submiss\u00e3o de Propostas de Trabalhos:<\/strong><\/span><\/p>\n<ul>\n<li>Cultura Digital e Inova\u00e7\u00e3o em Educa\u00e7\u00e3o<\/li>\n<li>Tecnologias Digitais e Pr\u00e1ticas Pedag\u00f3gicas<\/li>\n<li>Letramento Digital e M\u00faltiplas Linguagens<\/li>\n<li>Intelig\u00eancia Artificial, Plataformas Digitais e Aplicativos<\/li>\n<li>Educa\u00e7\u00e3o Digital, Educa\u00e7\u00e3o a Dist\u00e2ncia e Ensino H\u00edbrido<\/li>\n<li>Forma\u00e7\u00e3o de Professores e Tecnologias Digitais<\/li>\n<\/ul>\n<p><!-- \/wp:tadv\/classic-paragraph --><!-- wp:paragraph --><\/p>\n<p><!-- \/wp:paragraph --><!-- wp:tadv\/classic-paragraph --><\/p>\n<p><span style=\"color: #ffffff;\"><strong>x<\/strong><\/span><\/p>\n<p><span style=\"color: #333399;\"><strong>MODALIDADES DE APRESENTA\u00c7\u00c3O DE TRABALHOS<\/strong><\/span><\/p>\n<p><span style=\"color: #ffffff;\">x<\/span><\/p>\n<p><span style=\"color: #000080;\"><strong>1- Comunica\u00e7\u00e3o oral (on-line ou presencial) <\/strong><\/span><\/p>\n<p>Formato tradicional. Conforme a disponibilidade, ela ser\u00e1 agendada para apresenta\u00e7\u00e3o presencial ou on-line. Toda a responsabilidade de direitos autorais \u00e9 dos autores do trabalho.\u00a0<\/p>\n<p><span style=\"color: #ff0000;\"><strong>Formul\u00e1rio de Submiss\u00f5es abaixo.<\/strong><\/span> Verifique as regras e as tem\u00e1ticas.\u00a0<\/p>\n<p>\u00a0<\/p>\n<p><strong><span style=\"color: #000080;\">2- V\u00eddeo Apresenta\u00e7\u00e3o Ass\u00edncrona (V\u00eddeo Gravado)<\/span> \u2013 <\/strong><span style=\"color: #ff0000;\"><strong>V\u00eddeo de 10 a 15 minutos<\/strong><\/span><\/p>\n<p>V\u00eddeo deve ser gravado em formato paisagem (\u201ccelular deitado\u201d), na propor\u00e7\u00e3o 16:9, nas resolu\u00e7\u00f5es HD (1280 x 720) ou superior. A apresenta\u00e7\u00e3o do trabalho deve ter \u00e1udio da narra\u00e7\u00e3o\/apresenta\u00e7\u00e3o do trabalho. O v\u00eddeo \u00e9 hospedado pelos autores no <em>YouTube<\/em>. Em data a ser informada, ap\u00f3s a aprova\u00e7\u00e3o do trabalho, os autores enviar\u00e3o o link para a incorpora\u00e7\u00e3o.<\/p>\n<p><span style=\"color: #0000ff;\"><strong>O estilo de v\u00eddeo pode ser:<\/strong><\/span> grava\u00e7\u00e3o dos autores apresentando, grava\u00e7\u00e3o de tela, grava\u00e7\u00e3o de slides com narra\u00e7\u00e3o. Toda a responsabilidade de direitos autorais \u00e9 dos autores do trabalho.\u00a0<\/p>\n<p>Caso o v\u00eddeo seja grava\u00e7\u00e3o dos autores apresentando o trabalho, dicas importantes:<\/p>\n<ul>\n<li>Procure lugar bem iluminado e relativamente silencioso;<\/li>\n<li>Evite fontes de ilumina\u00e7\u00e3o imediatamente acima ou atr\u00e1s dos autores sendo gravados;<\/li>\n<li>Aten\u00e7\u00e3o ao fundo gravado no v\u00eddeo;<\/li>\n<\/ul>\n<p><span style=\"color: #ffffff;\">x<\/span><\/p>\n<p><span style=\"color: #ff0000;\"><strong>Importante:<\/strong><\/span><\/p>\n<ul>\n<li>Caso o v\u00eddeo n\u00e3o seja enviado no prazo solicitado, o trabalho ser\u00e1 retirado da Programa\u00e7\u00e3o Final.<\/li>\n<li>Caso os organizadores identifiquem problemas de legibilidade e \u00e1udio, poder\u00e1 ser solicitado o envio de um novo v\u00eddeo.<\/li>\n<\/ul>\n<p><span style=\"color: #000080;\"><strong>3- Apresenta\u00e7\u00e3o Interativa Ass\u00edncrona <\/strong><\/span><span style=\"color: #ff0000;\"><strong>(at\u00e9 25 slides)<\/strong><\/span><\/p>\n<p style=\"text-align: left;\">Os autores enviam um arquivo de<span style=\"color: #ff0000;\"> <strong>PowerPoint (em formato PPTX), no <em>template<\/em> do evento<\/strong><\/span>, que seja autoexplicativo, de at\u00e9 25 slides, de at\u00e9 16 MB. Ou seja, o p\u00fablico deve entender perfeitamente o trabalho ao \u201cler\u201d os slides, de forma semelhante \u00e0 leitura de um artigo, mas podendo conter gr\u00e1ficos, imagens, figuras&#8230; As refer\u00eancias bibliogr\u00e1ficas n\u00e3o contam nos 25 slides. \u00a0Os slides podem conter \u00e1udio (grava\u00e7\u00e3o da voz dos autores). Caso queiram v\u00eddeo no slide, devem incorporar v\u00eddeo do YouTube.<\/p>\n<p style=\"text-align: left;\">Os slides <strong>n\u00e3o poder\u00e3o conter links<\/strong> para sites, servi\u00e7os, arquivos e cia (Casos excepcionais abaixo). Caso queiram indicar um link, isso de ser feito de forma textual ou por <strong><em>QrCode<\/em><\/strong>. \u00a0Toda a responsabilidade de direitos autorais \u00e9 dos autores do trabalho.\u00a0<\/p>\n<p>\u00a0<\/p>\n<p><strong>Casos especiais de Links permitidos: <\/strong>s\u00e3o permitidos links para os sites dos autores, para as universidades e Institutos, para o <em>YouTube<\/em>, sites governamentais, para perfis de redes sociais, para peri\u00f3dicos acad\u00eamicos, ag\u00eancias de fomentos.<\/p>\n<p><span style=\"background-color: #ffffff; color: #ffffff;\">x<\/span><\/p>\n<p><span style=\"color: #ff0000;\"><strong>Importante:<\/strong><\/span><\/p>\n<ul>\n<li>Caso o arquivo PPTX n\u00e3o seja enviado no prazo solicitado, o trabalho ser\u00e1 retirado da Programa\u00e7\u00e3o Final.<\/li>\n<li>Caso os organizadores identifiquem problemas de legibilidade e outro, poder\u00e1 ser solicitado o envio de uma nova apresenta\u00e7\u00e3o.<\/li>\n<\/ul>\n<p><!-- \/wp:tadv\/classic-paragraph --><!-- wp:tadv\/classic-paragraph --><\/p>\n<p><span style=\"color: #ffffff;\">X<\/span><\/p>\n<p><span style=\"color: #333399;\"><strong>Normas B\u00e1sicas de Submiss\u00e3o:<\/strong><\/span><\/p>\n<ul>\n<li>Cada trabalho poder\u00e1 ter, no m\u00e1ximo, <strong>3 autores<\/strong>.<\/li>\n<li>Cada proponente pode submeter at\u00e9<strong> 2 trabalhos como autor \u00fanico ou primeiro autor.<\/strong><\/li>\n<li>Alunos de gradua\u00e7\u00e3o podem submeter com seus orientadores ou professores.<\/li>\n<li>Submiss\u00f5es <strong>gratuitas<\/strong> de propostas de comunica\u00e7\u00e3o.<\/li>\n<li>Os resumos devem ter entre <strong>200 e 300 palavras<\/strong>.<\/li>\n<li>Um mesmo trabalho pode ser submetido a mais de uma modalidade, mas cada submiss\u00e3o deve ser separada, no formul\u00e1rio espec\u00edfico, atendendo \u00e0s regras e prazos de cada modalidade.<\/li>\n<\/ul>\n<p><!-- \/wp:tadv\/classic-paragraph --><!-- wp:tadv\/classic-paragraph --><\/p>\n<p>\u00a0<\/p>\n<p><span style=\"color: #333399;\"><strong>Submiss\u00f5es: (verifique acima as normas de submiss\u00f5es)<\/strong><\/span><\/p>\n<p><span style=\"color: #ff0000;\"><strong>RESULTADOS DAS SUBMISS\u00d5ES: 12 DE NOVEMBRO<\/strong><\/span><\/p>\n<p>Submiss\u00f5es Gratuitas!!!<\/p>\n<p><span style=\"color: #ff0000;\"><strong>Todas as Submiss\u00f5es encontram-se encerradas!<\/strong><\/span><\/p>\n<p><strong><span style=\"color: #800080;\">ATEN\u00c7\u00c3O!!!<\/span><\/strong><\/p>\n<ol>\n<li><span style=\"color: #000080;\">O template ser\u00e1 disponibilizado nos pr\u00f3ximos dias. As submiss\u00f5es s\u00e3o apenas de resumos no momento. N\u00e3o \u00e9 necess\u00e1rio template.\u00a0<\/span><\/li>\n<li><span style=\"color: #000080;\">Cada modalidade pode ter um prazo de submiss\u00e3o diferente.\u00a0<\/span><\/li>\n<\/ol>\n<p><span style=\"color: #800080;\"><strong>Comunica\u00e7\u00e3o Oral<\/strong><\/span> &#8211;<strong> <a href=\"https:\/\/forms.gle\/oJcNCGMqXXsQYDjt8\">Submeta aqui a sua proposta de Comunica\u00e7\u00e3o!\u00a0<\/a> \u00a0<\/strong> Per\u00edodo de Submiss\u00f5es: 25 de setembro a <strong>07 de novembro<\/strong><\/p>\n<p><span style=\"color: #800080;\"><strong>V\u00eddeo Apresenta\u00e7\u00e3o Ass\u00edncrona<\/strong><\/span> &#8211;<strong><a href=\"https:\/\/forms.gle\/M54kpRRztZEB1i9V6\"> Submeta aqui sua proposta de V\u00eddeo!<\/a> <\/strong>Per\u00edodo de Submiss\u00f5es: 28 de setembro a <strong>09\u00a0de novembro<\/strong><\/p>\n<p><span style=\"color: #800080;\"><strong>Apresenta\u00e7\u00e3o Interativa Ass\u00edncrona<\/strong><\/span> &#8211; <strong><a href=\"https:\/\/forms.gle\/cXLgNftU9B7h832m7\">Submeta aqui a sua proposta Apresenta\u00e7\u00e3o Interativa!<\/a> <\/strong>Per\u00edodo de Submiss\u00f5es: 28 de setembro a <strong>09\u00a0de novembro<\/strong><\/p>\n<p><span style=\"color: #ffffff;\">x<\/span><\/p>\n<p><span style=\"color: #333399;\"><strong>Realiza\u00e7\u00e3o:<\/strong><\/span><\/p>\n<p><span style=\"color: #333399;\"><strong><span style=\"color: #ffffff;\">X<\/span><br \/><\/strong><\/span>N\u00facleo Interdisciplinar de Pesquisas em Inova\u00e7\u00e3o, Tecnologias, Educa\u00e7\u00e3o e Linguagens &#8211; NINTEL\u00a0<\/p>\n<p>Programa de P\u00f3s-Gradua\u00e7\u00e3o em Humanidades, Culturas e Artes da UNIGRANRIO<\/p>\n<p>\u00a0<\/p>\n<p><span style=\"color: #333399;\"><strong>Organiza\u00e7\u00e3o Geral:<\/strong><\/span><\/p>\n<p><span style=\"color: #333399;\"><strong><span style=\"color: #ffffff;\">X<\/span><br \/><\/strong><\/span>Prof. Dr. M\u00e1rcio Luiz Corr\u00eaa Vila\u00e7a<\/p>\n<p><span style=\"color: #000080;\"><strong>Instagram:<\/strong><\/span> @digitalinovaeduca<\/p>\n<p>\u00a0<\/p>\n<p><span style=\"color: #333399;\"><strong>D\u00favidas:<\/strong><\/span><\/p>\n<p>Prof. Dr. M\u00e1rcio Luiz Corr\u00eaa Vila\u00e7a<br \/>professorvilaca@gmail.com\u00a0<\/p>\n<p>\u00a0<\/p>\n<p><!-- \/wp:tadv\/classic-paragraph --><\/p>\t\t\t\t\t\t\t\t<\/div>\n\t\t\t\t<\/div>\n\t\t\t\t\t<\/div>\n\t\t\t\t<\/div>\n\t\t\t\t<\/div>\n\t\t","protected":false},"excerpt":{"rendered":"<p>V Semin\u00e1rio de Cultura Digital, Inova\u00e7\u00e3o e Educa\u00e7\u00e3o\u00a0 \u00a0 \u00a0 \u00a0 \u00a0 \u00a0 \u00a0 \u00a0 \u00a0 \u00a0 \u00a0\u00a0 \u00a0 26, 27 e 28 de Novembro de 2024 &#8211; UNIGRANRIO\u00a0 \u00a0\u00a0 \u00a0 \u00a0 Evento H\u00edbrido Gratuito! \u00a0 Site do Evento no Even 3\u00a0 Programa\u00e7\u00e3o e Trabalhos : \u00a0 V Semin\u00e1rio de Cultura Digital, Inova\u00e7\u00e3o e Educa\u00e7\u00e3o [&hellip;]<\/p>\n","protected":false},"author":1,"featured_media":0,"parent":0,"menu_order":0,"comment_status":"closed","ping_status":"closed","template":"","meta":{"footnotes":""},"class_list":["post-828","page","type-page","status-publish","hentry"],"_links":{"self":[{"href":"https:\/\/labinteligenciadigital.com.br\/digital\/wp-json\/wp\/v2\/pages\/828","targetHints":{"allow":["GET"]}}],"collection":[{"href":"https:\/\/labinteligenciadigital.com.br\/digital\/wp-json\/wp\/v2\/pages"}],"about":[{"href":"https:\/\/labinteligenciadigital.com.br\/digital\/wp-json\/wp\/v2\/types\/page"}],"author":[{"embeddable":true,"href":"https:\/\/labinteligenciadigital.com.br\/digital\/wp-json\/wp\/v2\/users\/1"}],"replies":[{"embeddable":true,"href":"https:\/\/labinteligenciadigital.com.br\/digital\/wp-json\/wp\/v2\/comments?post=828"}],"version-history":[{"count":0,"href":"https:\/\/labinteligenciadigital.com.br\/digital\/wp-json\/wp\/v2\/pages\/828\/revisions"}],"wp:attachment":[{"href":"https:\/\/labinteligenciadigital.com.br\/digital\/wp-json\/wp\/v2\/media?parent=828"}],"curies":[{"name":"wp","href":"https:\/\/api.w.org\/{rel}","templated":true}]}}