{"id":703,"date":"2023-10-19T23:11:01","date_gmt":"2023-10-20T02:11:01","guid":{"rendered":"https:\/\/educardigitalinova.net\/site\/?page_id=703"},"modified":"2023-10-19T23:11:01","modified_gmt":"2023-10-20T02:11:01","slug":"cultura-digital-educacao-e-formacao-de-professores-2","status":"publish","type":"page","link":"https:\/\/labinteligenciadigital.com.br\/digital\/cultura-digital-educacao-e-formacao-de-professores-2\/","title":{"rendered":"Cultura digital, Educa\u00e7\u00e3o e Forma\u00e7\u00e3o de professores"},"content":{"rendered":"\n\n\n<figure class=\"wp-block-image size-full\"><img fetchpriority=\"high\" decoding=\"async\" width=\"200\" height=\"300\" src=\"https:\/\/labinteligenciadigital.com.br\/digital\/wp-content\/uploads\/2023\/10\/Capa-Livro-2022-Marcio-e-Lilia-200x300-1.jpg\" alt=\"\" class=\"wp-image-704\"\/><\/figure>\n\n\n\n<h4 class=\"titulo\"><a href=\"http:\/\/www.editorapontocom.com.br\/livro\/70\/vilacagoncalves-culturadigital_70_62aa1e36e82a9.pdf\" target=\"_blank\" rel=\"noopener\">Cultura digital, educa\u00e7\u00e3o e forma\u00e7\u00e3o de professores<\/a><\/h4>\n<h5 class=\"autores\">\u00a0<a href=\"http:\/\/www.editorapontocom.com.br\/a\/71\/M%C3%A1rcio-Luiz-C.-Vila%C3%A7a\">M\u00e1rcio Luiz C. Vila\u00e7a, <\/a><a href=\"http:\/\/www.editorapontocom.com.br\/a\/72\/Lilia-Aparecida-C.-Gon%C3%A7alves\">Lilia Aparecida C. Gon\u00e7alves<\/a>, (orgs.)<\/h5>\n<p>ISBN: 978-65-89496-06-9<\/p>\n<p>Ano: 2022<\/p>\n<p><strong>Apresenta\u00e7\u00e3o:<\/strong><\/p>\n<p><strong>Apresenta\u00e7\u00e3o:<\/strong><\/p>\n<p>Este livro se insere no projeto\u00a0<em>Tecnologias, M\u00eddias e Inova\u00e7\u00e3o na Educa\u00e7\u00e3o na Era Digital: Cultura Digital, Letramento Digital, Infoinclus\u00e3o e Forma\u00e7\u00e3o de Professores<\/em>, e \u00e9 resultado da articula\u00e7\u00e3o entre pesquisadores e grupos de pesquisa do Estado do Rio de Janeiro. Participam dessa obra professores da UNIGRANRIO, UFRJ, UFF, UERJ, UFRRJ, PUC-RJ, FAETEC e UENF. O livro conta ainda com alguns cap\u00edtulos de egressos do Programa de P\u00f3s-Gradua\u00e7\u00e3o, Culturas e Artes da UNIGRANRIO. Dessa forma, a publica\u00e7\u00e3o permite pontes e di\u00e1logos entre pesquisadores experientes com jovens pesquisadores, tendo como preocupa\u00e7\u00e3o comum a ado\u00e7\u00e3o das Tecnologias Digitais de Informa\u00e7\u00e3o e Comunica\u00e7\u00e3o como ferramentas pedag\u00f3gicas, o que vem sendo a cada dia uma realidade mais presente em nossos espa\u00e7os educacionais.<\/p>\n\n\n","protected":false},"excerpt":{"rendered":"","protected":false},"author":1,"featured_media":0,"parent":0,"menu_order":0,"comment_status":"closed","ping_status":"closed","template":"","meta":{"footnotes":""},"class_list":["post-703","page","type-page","status-publish","hentry"],"_links":{"self":[{"href":"https:\/\/labinteligenciadigital.com.br\/digital\/wp-json\/wp\/v2\/pages\/703","targetHints":{"allow":["GET"]}}],"collection":[{"href":"https:\/\/labinteligenciadigital.com.br\/digital\/wp-json\/wp\/v2\/pages"}],"about":[{"href":"https:\/\/labinteligenciadigital.com.br\/digital\/wp-json\/wp\/v2\/types\/page"}],"author":[{"embeddable":true,"href":"https:\/\/labinteligenciadigital.com.br\/digital\/wp-json\/wp\/v2\/users\/1"}],"replies":[{"embeddable":true,"href":"https:\/\/labinteligenciadigital.com.br\/digital\/wp-json\/wp\/v2\/comments?post=703"}],"version-history":[{"count":0,"href":"https:\/\/labinteligenciadigital.com.br\/digital\/wp-json\/wp\/v2\/pages\/703\/revisions"}],"wp:attachment":[{"href":"https:\/\/labinteligenciadigital.com.br\/digital\/wp-json\/wp\/v2\/media?parent=703"}],"curies":[{"name":"wp","href":"https:\/\/api.w.org\/{rel}","templated":true}]}}