{"id":66,"date":"2019-01-23T13:43:59","date_gmt":"2019-01-23T13:43:59","guid":{"rendered":"https:\/\/educardigitalinova.net\/site\/?page_id=66"},"modified":"2019-01-23T13:43:59","modified_gmt":"2019-01-23T13:43:59","slug":"quem-sou","status":"publish","type":"page","link":"https:\/\/labinteligenciadigital.com.br\/digital\/quem-sou\/","title":{"rendered":"Quem Sou"},"content":{"rendered":"<div class=\"wp-block-image\">\n<figure class=\"aligncenter size-rainbow-thumbnail-md\"><img decoding=\"async\" src=\"https:\/\/labinteligenciadigital.com.br\/digital\/wp-content\/uploads\/2024\/12\/Perfil-Formal-Portfolio-400x400.jpg\" alt=\"\" class=\"wp-image-913\"\/><\/figure>\n<\/div>\n\n\n<p class=\"has-text-align-left\">Sou professor universit\u00e1rio desde 2003, com Gradua\u00e7\u00e3o em Letras (Bacharelado e Licenciatura Plena) pela UFRJ, Mestrado em Lingu\u00edstica Aplicada pela UFRJ e Doutorado em Letras(na \u00e1rea de concentra\u00e7\u00e3o em Estudos Lingu\u00edsticos) pela UFF. <\/p>\n\n\n\n<p>Atuo como professor e pesquisador no Programa de P\u00f3s-Gradua\u00e7\u00e3o Stricto Sensu em Humanidades, Culturas e Artes (que j\u00e1 teve o nome de Letras e Ci\u00eancias Humanas at\u00e9 o in\u00edcio de 2015) desde 2009. Tenho experi\u00eancia na coordena\u00e7\u00e3o de cursos de p\u00f3s-gradua\u00e7\u00e3o Lato Sensu (Especializa\u00e7\u00e3o) e Stricto Sensu (Mestrado &#8211; J\u00e1 tendo sido Coordenador Adjunto e Coordenador do Mestrado). Desde 2019, sou Coordenador Geral do Programa de P\u00f3s-Gradua\u00e7\u00e3o em Humanidades, Culturas e Artes &#8211; PPGHCA &#8211; da UNIGRANRIO. <\/p>\n\n\n\n<p>Sou autor livros did\u00e1ticos de l\u00edngua inglesa, j\u00e1 tendo prestado consultoria para editora. Tamb\u00e9m j\u00e1 produzi material para educa\u00e7\u00e3o a dist\u00e2ncia (EaD) e organizei livros acad\u00eamicos.<\/p>\n\n\n\n<p>Desde 2012, venho pesquisando e publicando sobre quest\u00f5es de tecnologias digitais e educa\u00e7\u00e3o. S\u00e3o aproximadamente 20 artigos publicados sobre estas tem\u00e1ticas em revistas acad\u00eamicas indexadas no Qualis da CAPES. Em pesquisas relacionadas a tecnologias digitais e educa\u00e7\u00e3o, obtive 2 bolsas de produtividade em Pesquisa UNIGRANRIO\/FUNADESP (2013 a 2016; 2016-2018) e duas bolsas de Jovem Cientista do Nosso Estado da FAPERJ.<\/p>\n\n\n\n<p>Tenho ampla experi\u00eancia em orienta\u00e7\u00f5es de inicia\u00e7\u00e3o cient\u00edfica, monografias de gradua\u00e7\u00e3o e p\u00f3s-gradua\u00e7\u00e3o, disserta\u00e7\u00f5es de mestrado e atualmente estou orientando tamb\u00e9m teses de doutorado desde 2015. J\u00e1 orientei mais 30 disserta\u00e7\u00f5es de Mestrado e teses de Doutorado, al\u00e9m de coorienta\u00e7\u00f5es.<\/p>\n\n\n\n<p>Minhas principais \u00e1reas de atua\u00e7\u00e3o e publica\u00e7\u00e3o s\u00e3o: ensino-aprendizagem de l\u00ednguas, materiais e livros did\u00e1ticos e tecnologias digitais na educa\u00e7\u00e3o e na linguagem, tendo publicado mais de uma dezena de cap\u00edtulos de livros publicados. J\u00e1 organizei 4 e-books acad\u00eamicos, dispon\u00edveis para download gratuito.<\/p>\n\n\n\n<p>Sou membro de Conselhos Editoriais e parecerista de diferentes revistas acad\u00eamicas nas \u00e1reas de Letras e Educa\u00e7\u00e3o. Tamb\u00e9m sou membro de Comit\u00ea de \u00c9tica em Pesquisa da UNIGRANRIO, filiado ao CONEP.<\/p>\n\n\n\n<p>Tenho experi\u00eancia com ambientes digitais de gest\u00e3o de conte\u00fados(CMS) e de ambientes virtuais de aprendizagem(LMS\/AVA).<\/p>\n","protected":false},"excerpt":{"rendered":"<p>Sou professor universit\u00e1rio desde 2003, com Gradua\u00e7\u00e3o em Letras (Bacharelado e Licenciatura Plena) pela UFRJ, Mestrado em Lingu\u00edstica Aplicada pela UFRJ e Doutorado em Letras(na \u00e1rea de concentra\u00e7\u00e3o em Estudos Lingu\u00edsticos) pela UFF. Atuo como professor e pesquisador no Programa de P\u00f3s-Gradua\u00e7\u00e3o Stricto Sensu em Humanidades, Culturas e Artes (que j\u00e1 teve o nome de [&hellip;]<\/p>\n","protected":false},"author":1,"featured_media":0,"parent":0,"menu_order":0,"comment_status":"closed","ping_status":"closed","template":"","meta":{"footnotes":""},"class_list":["post-66","page","type-page","status-publish","hentry"],"_links":{"self":[{"href":"https:\/\/labinteligenciadigital.com.br\/digital\/wp-json\/wp\/v2\/pages\/66","targetHints":{"allow":["GET"]}}],"collection":[{"href":"https:\/\/labinteligenciadigital.com.br\/digital\/wp-json\/wp\/v2\/pages"}],"about":[{"href":"https:\/\/labinteligenciadigital.com.br\/digital\/wp-json\/wp\/v2\/types\/page"}],"author":[{"embeddable":true,"href":"https:\/\/labinteligenciadigital.com.br\/digital\/wp-json\/wp\/v2\/users\/1"}],"replies":[{"embeddable":true,"href":"https:\/\/labinteligenciadigital.com.br\/digital\/wp-json\/wp\/v2\/comments?post=66"}],"version-history":[{"count":0,"href":"https:\/\/labinteligenciadigital.com.br\/digital\/wp-json\/wp\/v2\/pages\/66\/revisions"}],"wp:attachment":[{"href":"https:\/\/labinteligenciadigital.com.br\/digital\/wp-json\/wp\/v2\/media?parent=66"}],"curies":[{"name":"wp","href":"https:\/\/api.w.org\/{rel}","templated":true}]}}