{"id":596,"date":"2021-09-16T11:37:23","date_gmt":"2021-09-16T14:37:23","guid":{"rendered":"https:\/\/educardigitalinova.net\/site\/?page_id=596"},"modified":"2021-09-16T11:37:23","modified_gmt":"2021-09-16T14:37:23","slug":"iii-seminario-de-cultura-digital-inovacao-e-educacao","status":"publish","type":"page","link":"https:\/\/labinteligenciadigital.com.br\/digital\/iii-seminario-de-cultura-digital-inovacao-e-educacao\/","title":{"rendered":"III Semin\u00e1rio de Cultura Digital, Inova\u00e7\u00e3o e Educa\u00e7\u00e3o"},"content":{"rendered":"\n<h1 style=\"text-align: center;\"><span style=\"color: #0000ff;\"><strong>III Semin\u00e1rio de Cultura Digital, Inova\u00e7\u00e3o e Educa\u00e7\u00e3o <\/strong><\/span><\/h1>\n<h1 style=\"text-align: center;\"><span style=\"color: #ff0000;\"><strong>11 e 12 de novembro de 2021 &#8211; UNIGRANRIO\u00a0<\/strong><\/span><\/h1>\n<h3 style=\"text-align: center;\"><strong>Evento on-line e gratuito!\u00a0<\/strong><\/h3>\n<h1 style=\"text-align: center;\"><strong><span style=\"color: #ff0000;\">Programa\u00e7\u00e3o<\/span>\u00a0<\/strong><\/h1>\n<h1 style=\"text-align: center;\"><strong><a href=\"https:\/\/labinteligenciadigital.com.br\/digital\/wp-content\/uploads\/2021\/11\/Programacao-2021-Completa-Finalizada.pdf\">Programa\u00e7\u00e3o 2021- Completa<\/a><br \/><br \/><\/strong><\/h1>\n<h3 style=\"text-align: center;\">Use por favor o \u00a0<span style=\"color: #ff0000;\"><a style=\"color: #ff0000;\" href=\"https:\/\/labinteligenciadigital.com.br\/digital\/wp-content\/uploads\/2021\/11\/Template-III-Seminario-de-Cultura-Digital.pptx\">Template Oficial- III Semin\u00e1rio de Cultura Digital<\/a><\/span><\/h3>\n<h3 style=\"text-align: center;\">\u00a0<\/h3>\n<h2><span style=\"color: #ff0000;\">Aten\u00e7\u00e3o:<\/span><\/h2>\n<h4>Todos os trabalhos devem seguir o<em> template<\/em> (PPT) do evento:<\/h4>\n<h4><a href=\"https:\/\/labinteligenciadigital.com.br\/digital\/wp-content\/uploads\/2021\/11\/Template-III-Seminario-de-Cultura-Digital.pptx\">Template Oficial- III Semin\u00e1rio de Cultura Digital<\/a><\/h4>\n<h4>\u00a0<\/h4>\n<div style=\"padding: 56.25% 0 0 0; position: relative;\"><iframe style=\"position: absolute; top: 0; left: 0; width: 100%; height: 100%;\" title=\"LATED III - Semin&amp;aacute;rio\" src=\"\/\/player.vimeo.com\/video\/643724647?title=0&amp;amp;byline=0\" width=\"425\" height=\"350\" frameborder=\"0\" allowfullscreen=\"allowfullscreen\" data-mce-fragment=\"1\"><\/iframe><\/div>\n<h3><script src=\"https:\/\/player.vimeo.com\/api\/player.js\"><\/script><\/h3>\n<p><strong>Tem\u00e1ticas:<\/strong><\/p>\n<ul>\n<li>Cultura Digital e Inova\u00e7\u00e3o em Educa\u00e7\u00e3o<\/li>\n<li>Tecnologias Digitais e Pr\u00e1ticas Pedag\u00f3gicas<\/li>\n<li>Letramento Digital e M\u00faltiplas Linguagens<\/li>\n<li>Plataformas Digitais, Aplicativos e Comunica\u00e7\u00e3o<\/li>\n<li>Educa\u00e7\u00e3o na Pandemia, Ensino H\u00edbrido, Ensino Remoto<b><br \/><br \/><\/b><\/li>\n<\/ul>\n<p><strong>\u00a0<\/strong><strong>Organiza\u00e7\u00e3o:<\/strong><\/p>\n<p>Grupo de Pesquisa Lingu\u00edstica Aplicada, Tecnologias e Educa\u00e7\u00e3o \u2013 LATED<\/p>\n<p>Programa de P\u00f3s-Gradua\u00e7\u00e3o em Humanidades, Culturas e Artes da UNIGRANRIO<br \/><br \/><\/p>\n<p><strong>Comiss\u00e3o Organizadora:<\/strong><\/p>\n<p>Prof. Dr. M\u00e1rcio Luiz Corr\u00eaa Vila\u00e7a (UNIGRANRIO)\u00a0<br \/>Prof. Dra.. Lilia Aparecida Costa Gon\u00e7alves (UNIGRANRIO)<br \/><br \/><strong>Contato:<\/strong> marcio.vilaca@unigranrio.edu.br\u00a0<br \/><br \/><\/p>\n<p><strong>Apoio:<\/strong><\/p>\n<p><img decoding=\"async\" class=\"alignnone size-medium wp-image-253\" src=\"https:\/\/educardigitalinova.com.br\/digital\/wp-content\/uploads\/2019\/06\/logo-FAPERJ-PB-300x126.jpg\" alt=\"\" width=\"300\" height=\"126\" \/><\/p>\n","protected":false},"excerpt":{"rendered":"","protected":false},"author":1,"featured_media":0,"parent":0,"menu_order":0,"comment_status":"closed","ping_status":"closed","template":"","meta":{"footnotes":""},"class_list":["post-596","page","type-page","status-publish","hentry"],"_links":{"self":[{"href":"https:\/\/labinteligenciadigital.com.br\/digital\/wp-json\/wp\/v2\/pages\/596","targetHints":{"allow":["GET"]}}],"collection":[{"href":"https:\/\/labinteligenciadigital.com.br\/digital\/wp-json\/wp\/v2\/pages"}],"about":[{"href":"https:\/\/labinteligenciadigital.com.br\/digital\/wp-json\/wp\/v2\/types\/page"}],"author":[{"embeddable":true,"href":"https:\/\/labinteligenciadigital.com.br\/digital\/wp-json\/wp\/v2\/users\/1"}],"replies":[{"embeddable":true,"href":"https:\/\/labinteligenciadigital.com.br\/digital\/wp-json\/wp\/v2\/comments?post=596"}],"version-history":[{"count":0,"href":"https:\/\/labinteligenciadigital.com.br\/digital\/wp-json\/wp\/v2\/pages\/596\/revisions"}],"wp:attachment":[{"href":"https:\/\/labinteligenciadigital.com.br\/digital\/wp-json\/wp\/v2\/media?parent=596"}],"curies":[{"name":"wp","href":"https:\/\/api.w.org\/{rel}","templated":true}]}}