{"id":532,"date":"2018-07-09T17:29:12","date_gmt":"2018-07-09T20:29:12","guid":{"rendered":"https:\/\/marciovilaca.com\/culturadigital\/?page_id=414"},"modified":"2018-07-09T17:29:12","modified_gmt":"2018-07-09T20:29:12","slug":"seminario-de-cultura-digital-inovacao-e-educacao","status":"publish","type":"page","link":"https:\/\/labinteligenciadigital.com.br\/digital\/seminario-de-cultura-digital-inovacao-e-educacao\/","title":{"rendered":"Semin\u00e1rio de Cultura Digital, Inova\u00e7\u00e3o e Educa\u00e7\u00e3o"},"content":{"rendered":"<h1 style=\"text-align: center;\">Semin\u00e1rio de Cultura Digital, Inova\u00e7\u00e3o e Educa\u00e7\u00e3o<\/h1>\n<h4 style=\"text-align: center;\"><strong>Dias 4 e 5 de Setembro de 2018<\/strong><\/h4>\n<h4 style=\"text-align: center;\"><a href=\"https:\/\/portal.unigranrio.edu.br\/campus-i-duque-de-caxias\" target=\"_blank\" rel=\"noopener\">UNIGRANRIO &#8211; Campus I- Duque de Caxias<\/a><\/h4>\n<h3><\/h3>\n<h3 style=\"text-align: center;\"><a href=\"https:\/\/drive.google.com\/file\/d\/1IVtWCm_ciKSo8RRVaTz6RzpeDnfJ2MV5\/view\" target=\"_blank\" rel=\"noopener\">Programa\u00e7\u00e3o do Evento!!! Acesse aqui!\u00a0<\/a><\/h3>\n<p>&nbsp;<\/p>\n<p><b><span style=\"margin: 0px; color: #2f5597; font-family: 'Verdana',sans-serif; font-size: 12pt;\">Tem\u00e1ticas para a submiss\u00e3o de Propostas de Comunica\u00e7\u00e3o Oral:<\/span><\/b><\/p>\n<ul type=\"disc\">\n<li style=\"margin: 0px 0px 10.66px; color: #333333; line-height: normal; font-family: 'Verdana',sans-serif; font-size: 11pt; font-style: normal; font-weight: 400;\"><span style=\"margin: 0px; font-family: 'Verdana',sans-serif;\">Cultura Digital e Inova\u00e7\u00e3o em Educa\u00e7\u00e3o<\/span><\/li>\n<li style=\"margin: 0px 0px 10.66px; color: #333333; line-height: normal; font-family: 'Verdana',sans-serif; font-size: 11pt; font-style: normal; font-weight: 400;\"><span style=\"margin: 0px; font-family: 'Verdana',sans-serif;\">Tecnologias Digitais e Pr\u00e1ticas Pedag\u00f3gicas<\/span><\/li>\n<li style=\"margin: 0px 0px 10.66px; color: #333333; line-height: normal; font-family: 'Verdana',sans-serif; font-size: 11pt; font-style: normal; font-weight: 400;\"><span style=\"margin: 0px; font-family: 'Verdana',sans-serif;\">Letramento Digital e M\u00faltiplas Linguagens<\/span><\/li>\n<li style=\"margin: 0px 0px 10.66px; color: #333333; line-height: normal; font-family: 'Verdana',sans-serif; font-size: 11pt; font-style: normal; font-weight: 400;\"><span style=\"margin: 0px; font-family: 'Verdana',sans-serif;\">Plataformas Digitais, Aplicativos e Comunica\u00e7\u00e3o<\/span><\/li>\n<\/ul>\n<p><span style=\"margin: 0px; color: #333333; font-family: 'Verdana',sans-serif;\">\u00a0<\/span><\/p>\n<p><b><span style=\"margin: 0px; color: #2f5597; font-family: 'Verdana',sans-serif; font-size: 12pt;\">Normas B\u00e1sicas de Submiss\u00e3o:<\/span><\/b><\/p>\n<ul>\n<li style=\"list-style-type: none;\">\n<ul type=\"disc\">\n<li style=\"margin: 0px 0px 10.66px; color: #333333; line-height: normal; font-family: 'Verdana',sans-serif; font-size: 11pt; font-style: normal; font-weight: 400;\"><span style=\"margin: 0px; font-family: 'Verdana',sans-serif;\">Cada trabalho poder\u00e1 ter, no m\u00e1ximo, <b>3 autores<\/b>.<\/span><\/li>\n<li style=\"margin: 0px 0px 10.66px; color: #333333; line-height: normal; font-family: 'Verdana',sans-serif; font-size: 11pt; font-style: normal; font-weight: 400;\"><span style=\"margin: 0px; font-family: 'Verdana',sans-serif;\">Cada proponente pode submeter at\u00e9<b> 2 trabalhos como autor \u00fanico ou autor 1<\/b>.<\/span><\/li>\n<li style=\"margin: 0px 0px 10.66px; color: #333333; line-height: normal; font-family: 'Verdana',sans-serif; font-size: 11pt; font-style: normal; font-weight: 400;\"><span style=\"margin: 0px; font-family: 'Verdana',sans-serif;\">Alunos de gradua\u00e7\u00e3o podem submeter com seus orientadores ou professores. <\/span><\/li>\n<li style=\"margin: 0px 0px 10.66px; color: #333333; line-height: normal; font-family: 'Verdana',sans-serif; font-size: 11pt; font-style: normal; font-weight: 400;\"><span style=\"margin: 0px; font-family: 'Verdana',sans-serif;\">Apenas os autores presentes ter\u00e3o direito \u00e0 certifica\u00e7\u00e3o.<\/span><\/li>\n<li style=\"margin: 0px 0px 10.66px; color: #333333; line-height: normal; font-family: 'Verdana',sans-serif; font-size: 11pt; font-style: normal; font-weight: 400;\"><span style=\"margin: 0px; font-family: 'Verdana',sans-serif;\">Submiss\u00f5es <b>gratuitas<\/b> de propostas de comunica\u00e7\u00e3o.<\/span><\/li>\n<li style=\"margin: 0px 0px 10.66px; color: #333333; line-height: normal; font-family: 'Verdana',sans-serif; font-size: 11pt; font-style: normal; font-weight: 400;\"><span style=\"margin: 0px; font-family: 'Verdana',sans-serif;\">Os resumos devem ter entre <b>200 e 300 palavras<\/b>.<\/span><\/li>\n<\/ul>\n<\/li>\n<\/ul>\n<p><span style=\"margin: 0px; color: #333333; font-family: 'Verdana',sans-serif;\">\u00a0<\/span><\/p>\n<p><b><span style=\"margin: 0px; color: #2f5597; font-family: 'Verdana',sans-serif; font-size: 12pt;\">Prazo de Envio de Propostas (Comunica\u00e7\u00e3o Oral &#8211; 15 minutos):<\/span><\/b><\/p>\n<p><span style=\"margin: 0px; color: #333333; font-family: 'Verdana',sans-serif;\">De 10 de julho a 13 de agosto &#8211; Apenas por formul\u00e1rio espec\u00edfico para isso.<\/span><\/p>\n<p><span style=\"margin: 0px; color: #333333; font-family: 'Verdana',sans-serif;\">\u00a0<\/span><\/p>\n<p><b><span style=\"margin: 0px; color: #2f5597; font-family: 'Verdana',sans-serif; font-size: 12pt;\">Formul\u00e1rio de Envio de Propostas: Inscri\u00e7\u00f5es Encerradas em 13 de agosto.\u00a0<\/span><\/b><\/p>\n<h2 style=\"text-align: center;\"><a href=\"https:\/\/drive.google.com\/file\/d\/1IVtWCm_ciKSo8RRVaTz6RzpeDnfJ2MV5\/view?usp=sharing\" target=\"_blank\" rel=\"noopener\"><strong>A Programa\u00e7\u00e3o do Evento.\u00a0<\/strong><\/a><\/h2>\n<p><b><span style=\"margin: 0px; color: #2f5597; font-family: 'Verdana',sans-serif; font-size: 12pt;\">Realiza\u00e7\u00e3o:<\/span><\/b><\/p>\n<ul type=\"disc\">\n<li style=\"list-style-type: none;\"><span style=\"margin: 0px; color: #333333; font-family: 'Verdana',sans-serif;\">Grupo de Pesquisa LATED (Lingu\u00edstica Aplicada Tecnologias e Educa\u00e7\u00e3o) da UNIGRANRIO <\/span><\/li>\n<li style=\"list-style-type: none;\"><a href=\"http:\/\/dgp.cnpq.br\/dgp\/espelhogrupo\/7504862318528764\" target=\"_blank\" rel=\"noopener\"><span style=\"margin: 0px; color: #333333; font-family: 'Verdana',sans-serif;\">Espelho do Grupo no Diret\u00f3rio de grupos de Pesquisa no CNPq.\u00a0<\/span><\/a><\/li>\n<\/ul>\n<p>&nbsp;<\/p>\n<p><b><span style=\"margin: 0px; color: #2f5597; font-family: 'Verdana',sans-serif; font-size: 12pt;\">Comiss\u00e3o Organizadora:<\/span><\/b><\/p>\n<p><strong>Prof. Dr. M\u00e1rcio Luiz Corr\u00eaa Vila\u00e7a (L\u00edder do Grupo de Pesquisa LATED)\u00a0<\/strong><br \/>\n(Professor do PPG em Humanidades, Culturas e Artes- Mestrado e Doutorado &#8211; e da Gradua\u00e7\u00e3o em Letras da UNIGRANRIO)<\/p>\n<p><strong>Prof. Ms. Elaine Vasquez Ferreira de Araujo<\/strong><br \/>\n(Mestre em Letras e Ci\u00eancias Humanas pela UNIGRANRIO e Doutoranda em Humanidades Culturas e Artes da UNIGRANRIO)<\/p>\n<p><strong>Prof. Ms. <\/strong><strong>Lilia Aparecida Costa Gon\u00e7alves<\/strong><br \/>\n(Professora da Gradua\u00e7\u00e3o em Letras da UNIGRANRIO)<\/p>\n<p>&nbsp;<\/p>\n<p><span style=\"margin: 0px; color: #2f5597; font-family: 'Verdana',sans-serif; font-size: 12pt;\"><b>Contato (N\u00e3o s\u00e3o a<\/b><b>ceitas submiss\u00f5es por e-mail):\u00a0<\/b><\/span><\/p>\n<p><img decoding=\"async\" class=\"alignleft size-medium wp-image-433\" src=\"https:\/\/labinteligenciadigital.com.br\/digital\/wp-content\/uploads\/2018\/07\/educadoratual-e-mail-Verdana14-300x68.jpg\" alt=\"\" width=\"300\" height=\"68\" \/><\/p>\n<p>&nbsp;<\/p>\n<p>&nbsp;<\/p>\n","protected":false},"excerpt":{"rendered":"<p>Semin\u00e1rio de Cultura Digital, Inova\u00e7\u00e3o e Educa\u00e7\u00e3o Dias 4 e 5 de Setembro de 2018 UNIGRANRIO &#8211; Campus I- Duque de Caxias Programa\u00e7\u00e3o do Evento!!! Acesse aqui!\u00a0 &nbsp; Tem\u00e1ticas para a submiss\u00e3o de Propostas de Comunica\u00e7\u00e3o Oral: Cultura Digital e Inova\u00e7\u00e3o em Educa\u00e7\u00e3o Tecnologias Digitais e Pr\u00e1ticas Pedag\u00f3gicas Letramento Digital e M\u00faltiplas Linguagens Plataformas Digitais, [&hellip;]<\/p>\n","protected":false},"author":1,"featured_media":0,"parent":0,"menu_order":0,"comment_status":"closed","ping_status":"closed","template":"","meta":{"footnotes":""},"class_list":["post-532","page","type-page","status-publish","hentry"],"_links":{"self":[{"href":"https:\/\/labinteligenciadigital.com.br\/digital\/wp-json\/wp\/v2\/pages\/532","targetHints":{"allow":["GET"]}}],"collection":[{"href":"https:\/\/labinteligenciadigital.com.br\/digital\/wp-json\/wp\/v2\/pages"}],"about":[{"href":"https:\/\/labinteligenciadigital.com.br\/digital\/wp-json\/wp\/v2\/types\/page"}],"author":[{"embeddable":true,"href":"https:\/\/labinteligenciadigital.com.br\/digital\/wp-json\/wp\/v2\/users\/1"}],"replies":[{"embeddable":true,"href":"https:\/\/labinteligenciadigital.com.br\/digital\/wp-json\/wp\/v2\/comments?post=532"}],"version-history":[{"count":0,"href":"https:\/\/labinteligenciadigital.com.br\/digital\/wp-json\/wp\/v2\/pages\/532\/revisions"}],"wp:attachment":[{"href":"https:\/\/labinteligenciadigital.com.br\/digital\/wp-json\/wp\/v2\/media?parent=532"}],"curies":[{"name":"wp","href":"https:\/\/api.w.org\/{rel}","templated":true}]}}