{"id":1499,"date":"2019-01-23T13:43:01","date_gmt":"2019-01-23T13:43:01","guid":{"rendered":"https:\/\/educardigitalinova.net\/site\/?page_id=82"},"modified":"2019-01-23T13:43:01","modified_gmt":"2019-01-23T13:43:01","slug":"e-books-gratuitos","status":"publish","type":"page","link":"https:\/\/labinteligenciadigital.com.br\/digital\/e-books-gratuitos\/","title":{"rendered":"E-books Gratuitos"},"content":{"rendered":"\n<p>Aqui voc\u00ea pode encontrar e-books gratuitos sobre educa\u00e7\u00e3o, cultura digital e tecnologias digitais. <\/p>\n","protected":false},"excerpt":{"rendered":"<p>Aqui voc\u00ea pode encontrar e-books gratuitos sobre educa\u00e7\u00e3o, cultura digital e tecnologias digitais.<\/p>\n","protected":false},"author":1,"featured_media":0,"parent":0,"menu_order":0,"comment_status":"closed","ping_status":"closed","template":"","meta":{"footnotes":""},"class_list":["post-1499","page","type-page","status-publish","hentry"],"_links":{"self":[{"href":"https:\/\/labinteligenciadigital.com.br\/digital\/wp-json\/wp\/v2\/pages\/1499","targetHints":{"allow":["GET"]}}],"collection":[{"href":"https:\/\/labinteligenciadigital.com.br\/digital\/wp-json\/wp\/v2\/pages"}],"about":[{"href":"https:\/\/labinteligenciadigital.com.br\/digital\/wp-json\/wp\/v2\/types\/page"}],"author":[{"embeddable":true,"href":"https:\/\/labinteligenciadigital.com.br\/digital\/wp-json\/wp\/v2\/users\/1"}],"replies":[{"embeddable":true,"href":"https:\/\/labinteligenciadigital.com.br\/digital\/wp-json\/wp\/v2\/comments?post=1499"}],"version-history":[{"count":0,"href":"https:\/\/labinteligenciadigital.com.br\/digital\/wp-json\/wp\/v2\/pages\/1499\/revisions"}],"wp:attachment":[{"href":"https:\/\/labinteligenciadigital.com.br\/digital\/wp-json\/wp\/v2\/media?parent=1499"}],"curies":[{"name":"wp","href":"https:\/\/api.w.org\/{rel}","templated":true}]}}