{"id":13,"date":"2017-06-14T00:55:50","date_gmt":"2017-06-14T00:55:50","guid":{"rendered":"https:\/\/marciovilaca.com\/culturadigital\/?page_id=13"},"modified":"2017-06-14T00:55:50","modified_gmt":"2017-06-14T00:55:50","slug":"tecnologia-sociedade-e-educacao-na-era-digital-2","status":"publish","type":"page","link":"https:\/\/labinteligenciadigital.com.br\/digital\/tecnologia-sociedade-e-educacao-na-era-digital-2\/","title":{"rendered":"Tecnologia, Sociedade e Educa\u00e7\u00e3o na Era Digital"},"content":{"rendered":"<p><strong><img fetchpriority=\"high\" decoding=\"async\" class=\"alignnone size-medium wp-image-516\" src=\"https:\/\/labinteligenciadigital.com.br\/digital\/wp-content\/uploads\/2018\/01\/Tecnologia-e-Educacao-E-book-212x300.png\" alt=\"\" width=\"212\" height=\"300\" \/>Tecnologia, Sociedade e Educa\u00e7\u00e3o na Era Digital<\/strong><\/p>\n<p><strong>M\u00e1rcio Luiz Corr\u00eaa Vila\u00e7a e Elaine Vasquez Ferreira de Araujo<\/strong><\/p>\n<p><strong>Editora UNIGRANRIO \u2013 <\/strong><strong>ISBN : 978-85-88943-69-8<\/strong><\/p>\n<p><a class=\"download-link\" title=\"\" href=\"http:\/\/marciovilaca.com\/site\/download\/185\/\" rel=\"nofollow\" data-slimstat=\"5\"> Tecnologia, Sociedade e Educa\u00e7\u00e3o na Era Digital &#8211; Livro Digital<\/a><\/p>\n<p><strong>\u00a0<\/strong><\/p>\n<p><strong>E-book <em>Tecnologia, Sociedade e Educa\u00e7\u00e3o na Era Digital<\/em>, organizado por mim e pela minha orientanda de doutorado\u00a0Elaine Vasquez Ferreira de Ara\u00fajo, publicado pela Editora UNIGRANRIO, com participa\u00e7\u00e3o de docentes, alunos e ex-alunos do PPG em Humanidades, Culturas e Artes da UNIGRANRIO. \u00a0<\/strong><\/p>\n<blockquote><p><strong>\u00a0<\/strong><\/p>\n<p>O livro aborda diferentes quest\u00f5es relacionadas \u00e0 complexa rela\u00e7\u00e3o entre tecnologia, sociedade e educa\u00e7\u00e3o, privilegiando discuss\u00f5es e perspectivas interdisciplinares. Os artigos foram escritos por pesquisadores de diferentes \u00e1reas do saber, que incluem Letras, Lingu\u00edstica Aplicada, Hist\u00f3ria, Literatura, Comunica\u00e7\u00e3o Social, Educa\u00e7\u00e3o e Matem\u00e1tica. O objetivo da publica\u00e7\u00e3o \u00e9 oferecer m\u00faltiplos olhares sobre as tecnologias digitais e pr\u00e1ticas sociais e discursivas. Linguagem, Educa\u00e7\u00e3o, Infoinclus\u00e3o, Sociedade da Informa\u00e7\u00e3o, Corpo, Cultura, Pol\u00edticas P\u00fablicas e Letramento Digital s\u00e3o algumas das tem\u00e1ticas abordadas.<\/p>\n<p>A proposta do livro \u00e9 oferecer uma diversidade de discuss\u00f5es que permita um olhar sobre quest\u00f5es de cultura digital, tecnologias e pr\u00e1ticas sociais mediadas por tecnologias. Buscamos organizar os trabalhos em dois eixos b\u00e1sicos: 1) Tecnologia e Sociedade; 2) Tecnologia e Educa\u00e7\u00e3o. Optamos por partir do mais geral para o mais espec\u00edfico, sempre que poss\u00edvel privilegiando a educa\u00e7\u00e3o.<\/p><\/blockquote>\n<p><b>\u00a0<\/b><\/p>\n","protected":false},"excerpt":{"rendered":"<p>Tecnologia, Sociedade e Educa\u00e7\u00e3o na Era Digital M\u00e1rcio Luiz Corr\u00eaa Vila\u00e7a e Elaine Vasquez Ferreira de Araujo Editora UNIGRANRIO \u2013 ISBN : 978-85-88943-69-8 Tecnologia, Sociedade e Educa\u00e7\u00e3o na Era Digital &#8211; Livro Digital \u00a0 E-book Tecnologia, Sociedade e Educa\u00e7\u00e3o na Era Digital, organizado por mim e pela minha orientanda de doutorado\u00a0Elaine Vasquez Ferreira de Ara\u00fajo, [&hellip;]<\/p>\n","protected":false},"author":1,"featured_media":516,"parent":0,"menu_order":0,"comment_status":"closed","ping_status":"closed","template":"","meta":{"footnotes":""},"class_list":["post-13","page","type-page","status-publish","has-post-thumbnail","hentry"],"_links":{"self":[{"href":"https:\/\/labinteligenciadigital.com.br\/digital\/wp-json\/wp\/v2\/pages\/13","targetHints":{"allow":["GET"]}}],"collection":[{"href":"https:\/\/labinteligenciadigital.com.br\/digital\/wp-json\/wp\/v2\/pages"}],"about":[{"href":"https:\/\/labinteligenciadigital.com.br\/digital\/wp-json\/wp\/v2\/types\/page"}],"author":[{"embeddable":true,"href":"https:\/\/labinteligenciadigital.com.br\/digital\/wp-json\/wp\/v2\/users\/1"}],"replies":[{"embeddable":true,"href":"https:\/\/labinteligenciadigital.com.br\/digital\/wp-json\/wp\/v2\/comments?post=13"}],"version-history":[{"count":0,"href":"https:\/\/labinteligenciadigital.com.br\/digital\/wp-json\/wp\/v2\/pages\/13\/revisions"}],"wp:featuredmedia":[{"embeddable":true,"href":"https:\/\/labinteligenciadigital.com.br\/digital\/wp-json\/wp\/v2\/media\/516"}],"wp:attachment":[{"href":"https:\/\/labinteligenciadigital.com.br\/digital\/wp-json\/wp\/v2\/media?parent=13"}],"curies":[{"name":"wp","href":"https:\/\/api.w.org\/{rel}","templated":true}]}}